{"id":1175,"date":"2022-09-14T21:52:20","date_gmt":"2022-09-14T21:52:20","guid":{"rendered":"http:\/\/new.lightshark.es\/?page_id=1175"},"modified":"2024-05-16T20:32:40","modified_gmt":"2024-05-16T20:32:40","slug":"proteccion-de-datos","status":"publish","type":"page","link":"https:\/\/lightshark.es\/es\/proteccion-de-datos\/","title":{"rendered":"Protecci\u00f3n de datos"},"content":{"rendered":"<div data-elementor-type=\"wp-page\" data-elementor-id=\"1175\" class=\"elementor elementor-1175\">\n\t\t\t\t\t\t\t\t\t<section class=\"elementor-section elementor-top-section elementor-element elementor-element-706af8c elementor-section-boxed elementor-section-height-default elementor-section-height-default\" data-id=\"706af8c\" data-element_type=\"section\" data-settings=\"{&quot;jet_parallax_layout_list&quot;:[{&quot;_id&quot;:&quot;5aba9f&quot;,&quot;jet_parallax_layout_image&quot;:{&quot;url&quot;:&quot;&quot;,&quot;id&quot;:&quot;&quot;},&quot;jet_parallax_layout_image_tablet&quot;:{&quot;url&quot;:&quot;&quot;,&quot;id&quot;:&quot;&quot;},&quot;jet_parallax_layout_image_mobile&quot;:{&quot;url&quot;:&quot;&quot;,&quot;id&quot;:&quot;&quot;},&quot;jet_parallax_layout_speed&quot;:{&quot;unit&quot;:&quot;%&quot;,&quot;size&quot;:50,&quot;sizes&quot;:[]},&quot;jet_parallax_layout_type&quot;:&quot;scroll&quot;,&quot;jet_parallax_layout_direction&quot;:null,&quot;jet_parallax_layout_fx_direction&quot;:null,&quot;jet_parallax_layout_z_index&quot;:&quot;&quot;,&quot;jet_parallax_layout_bg_x&quot;:50,&quot;jet_parallax_layout_bg_x_tablet&quot;:&quot;&quot;,&quot;jet_parallax_layout_bg_x_mobile&quot;:&quot;&quot;,&quot;jet_parallax_layout_bg_y&quot;:50,&quot;jet_parallax_layout_bg_y_tablet&quot;:&quot;&quot;,&quot;jet_parallax_layout_bg_y_mobile&quot;:&quot;&quot;,&quot;jet_parallax_layout_bg_size&quot;:&quot;auto&quot;,&quot;jet_parallax_layout_bg_size_tablet&quot;:&quot;&quot;,&quot;jet_parallax_layout_bg_size_mobile&quot;:&quot;&quot;,&quot;jet_parallax_layout_animation_prop&quot;:&quot;transform&quot;,&quot;jet_parallax_layout_on&quot;:[&quot;desktop&quot;,&quot;tablet&quot;]}]}\">\n\t\t\t\t\t\t<div class=\"elementor-container elementor-column-gap-extended\">\n\t\t\t\t\t<div class=\"elementor-column elementor-col-100 elementor-top-column elementor-element elementor-element-e28d006\" data-id=\"e28d006\" data-element_type=\"column\">\n\t\t\t<div class=\"elementor-widget-wrap elementor-element-populated\">\n\t\t\t\t\t\t\t\t<section class=\"elementor-section elementor-inner-section elementor-element elementor-element-1b43891 elementor-section-boxed elementor-section-height-default elementor-section-height-default\" data-id=\"1b43891\" data-element_type=\"section\" data-settings=\"{&quot;jet_parallax_layout_list&quot;:[]}\">\n\t\t\t\t\t\t<div class=\"elementor-container elementor-column-gap-default\">\n\t\t\t\t\t<div class=\"jet-sticky-column elementor-column elementor-col-50 elementor-inner-column elementor-element elementor-element-7ee7890\" data-jet-settings=\"{&quot;id&quot;:&quot;7ee7890&quot;,&quot;sticky&quot;:true,&quot;topSpacing&quot;:180,&quot;bottomSpacing&quot;:150,&quot;stickyOn&quot;:[&quot;desktop&quot;,&quot;tablet&quot;]}\" data-id=\"7ee7890\" data-element_type=\"column\">\n\t\t\t<div class=\"elementor-widget-wrap elementor-element-populated\">\n\t\t\t\t\t\t\t\t<div class=\"elementor-element elementor-element-be0fb3b elementor-widget elementor-widget-heading\" data-id=\"be0fb3b\" data-element_type=\"widget\" data-widget_type=\"heading.default\">\n\t\t\t\t<div class=\"elementor-widget-container\">\n\t\t\t<style>\/*! elementor - v3.7.2 - 21-08-2022 *\/\n.elementor-heading-title{padding:0;margin:0;line-height:1}.elementor-widget-heading .elementor-heading-title[class*=elementor-size-]>a{color:inherit;font-size:inherit;line-height:inherit}.elementor-widget-heading .elementor-heading-title.elementor-size-small{font-size:15px}.elementor-widget-heading .elementor-heading-title.elementor-size-medium{font-size:19px}.elementor-widget-heading .elementor-heading-title.elementor-size-large{font-size:29px}.elementor-widget-heading .elementor-heading-title.elementor-size-xl{font-size:39px}.elementor-widget-heading .elementor-heading-title.elementor-size-xxl{font-size:59px}<\/style><h4 class=\"elementor-heading-title elementor-size-default\">Protecci\u00f3n de datos \n<\/h4>\t\t<\/div>\n\t\t\t\t<\/div>\n\t\t\t\t<div class=\"elementor-element elementor-element-20b1e9c elementor-widget-divider--view-line elementor-invisible elementor-widget elementor-widget-divider\" data-id=\"20b1e9c\" data-element_type=\"widget\" data-settings=\"{&quot;_animation&quot;:&quot;fadeInLeft&quot;,&quot;_animation_delay&quot;:400}\" data-widget_type=\"divider.default\">\n\t\t\t\t<div class=\"elementor-widget-container\">\n\t\t\t<style>\/*! elementor - v3.7.2 - 21-08-2022 *\/\n.elementor-widget-divider{--divider-border-style:none;--divider-border-width:1px;--divider-color:#2c2c2c;--divider-icon-size:20px;--divider-element-spacing:10px;--divider-pattern-height:24px;--divider-pattern-size:20px;--divider-pattern-url:none;--divider-pattern-repeat:repeat-x}.elementor-widget-divider .elementor-divider{display:-webkit-box;display:-ms-flexbox;display:flex}.elementor-widget-divider .elementor-divider__text{font-size:15px;line-height:1;max-width:95%}.elementor-widget-divider .elementor-divider__element{margin:0 var(--divider-element-spacing);-ms-flex-negative:0;flex-shrink:0}.elementor-widget-divider .elementor-icon{font-size:var(--divider-icon-size)}.elementor-widget-divider .elementor-divider-separator{display:-webkit-box;display:-ms-flexbox;display:flex;margin:0;direction:ltr}.elementor-widget-divider--view-line_icon .elementor-divider-separator,.elementor-widget-divider--view-line_text .elementor-divider-separator{-webkit-box-align:center;-ms-flex-align:center;align-items:center}.elementor-widget-divider--view-line_icon .elementor-divider-separator:after,.elementor-widget-divider--view-line_icon .elementor-divider-separator:before,.elementor-widget-divider--view-line_text .elementor-divider-separator:after,.elementor-widget-divider--view-line_text .elementor-divider-separator:before{display:block;content:\"\";border-bottom:0;-webkit-box-flex:1;-ms-flex-positive:1;flex-grow:1;border-top:var(--divider-border-width) var(--divider-border-style) var(--divider-color)}.elementor-widget-divider--element-align-left .elementor-divider .elementor-divider-separator>.elementor-divider__svg:first-of-type{-webkit-box-flex:0;-ms-flex-positive:0;flex-grow:0;-ms-flex-negative:100;flex-shrink:100}.elementor-widget-divider--element-align-left .elementor-divider-separator:before{content:none}.elementor-widget-divider--element-align-left .elementor-divider__element{margin-left:0}.elementor-widget-divider--element-align-right .elementor-divider .elementor-divider-separator>.elementor-divider__svg:last-of-type{-webkit-box-flex:0;-ms-flex-positive:0;flex-grow:0;-ms-flex-negative:100;flex-shrink:100}.elementor-widget-divider--element-align-right .elementor-divider-separator:after{content:none}.elementor-widget-divider--element-align-right .elementor-divider__element{margin-right:0}.elementor-widget-divider:not(.elementor-widget-divider--view-line_text):not(.elementor-widget-divider--view-line_icon) .elementor-divider-separator{border-top:var(--divider-border-width) var(--divider-border-style) var(--divider-color)}.elementor-widget-divider--separator-type-pattern{--divider-border-style:none}.elementor-widget-divider--separator-type-pattern.elementor-widget-divider--view-line .elementor-divider-separator,.elementor-widget-divider--separator-type-pattern:not(.elementor-widget-divider--view-line) .elementor-divider-separator:after,.elementor-widget-divider--separator-type-pattern:not(.elementor-widget-divider--view-line) .elementor-divider-separator:before,.elementor-widget-divider--separator-type-pattern:not([class*=elementor-widget-divider--view]) .elementor-divider-separator{width:100%;min-height:var(--divider-pattern-height);-webkit-mask-size:var(--divider-pattern-size) 100%;mask-size:var(--divider-pattern-size) 100%;-webkit-mask-repeat:var(--divider-pattern-repeat);mask-repeat:var(--divider-pattern-repeat);background-color:var(--divider-color);-webkit-mask-image:var(--divider-pattern-url);mask-image:var(--divider-pattern-url)}.elementor-widget-divider--no-spacing{--divider-pattern-size:auto}.elementor-widget-divider--bg-round{--divider-pattern-repeat:round}.rtl .elementor-widget-divider .elementor-divider__text{direction:rtl}.e-container>.elementor-widget-divider{width:var(--container-widget-width,100%);--flex-grow:var(--container-widget-flex-grow,0)}<\/style>\t\t<div class=\"elementor-divider\">\n\t\t\t<span class=\"elementor-divider-separator\">\n\t\t\t\t\t\t<\/span>\n\t\t<\/div>\n\t\t\t\t<\/div>\n\t\t\t\t<\/div>\n\t\t\t\t\t<\/div>\n\t\t<\/div>\n\t\t\t\t<div class=\"elementor-column elementor-col-50 elementor-inner-column elementor-element elementor-element-a87f126\" data-id=\"a87f126\" data-element_type=\"column\">\n\t\t\t<div class=\"elementor-widget-wrap elementor-element-populated\">\n\t\t\t\t\t\t\t\t<div class=\"elementor-element elementor-element-67a9d1d elementor-widget elementor-widget-text-editor\" data-id=\"67a9d1d\" data-element_type=\"widget\" data-widget_type=\"text-editor.default\">\n\t\t\t\t<div class=\"elementor-widget-container\">\n\t\t\t<style>\/*! elementor - v3.7.2 - 21-08-2022 *\/\n.elementor-widget-text-editor.elementor-drop-cap-view-stacked .elementor-drop-cap{background-color:#818a91;color:#fff}.elementor-widget-text-editor.elementor-drop-cap-view-framed .elementor-drop-cap{color:#818a91;border:3px solid;background-color:transparent}.elementor-widget-text-editor:not(.elementor-drop-cap-view-default) .elementor-drop-cap{margin-top:8px}.elementor-widget-text-editor:not(.elementor-drop-cap-view-default) .elementor-drop-cap-letter{width:1em;height:1em}.elementor-widget-text-editor .elementor-drop-cap{float:left;text-align:center;line-height:1;font-size:50px}.elementor-widget-text-editor .elementor-drop-cap-letter{display:inline-block}<\/style>\t\t\t\t<p><span style=\"font-weight: 400;\">Data Controller website <\/span><a href=\"about:blank\"><span style=\"font-weight: 400;\">www.lightshark.es<\/span><\/a><\/p><p><span style=\"font-weight: 300;\">Entity: EQUIPSON SA<\/span><\/p><p><span style=\"font-weight: 300;\">Company Tax ID Number: A96354154<\/span><\/p><p><span style=\"font-weight: 300;\">Address Of the Entity: Av El Saler, 14 Pol. Ind. Altero &#8211; (46460) Silla<\/span><\/p><p><span style=\"font-weight: 300;\">Responsible for the Treatment: Remedios Martinez Mesado<\/span><\/p><p><span style=\"font-weight: 300;\">Treatment Manager Telephone: +34 961216301<\/span><\/p><p><span style=\"font-weight: 300;\">GDPR Manager: Javier Penichet Angles<\/span><\/p><p><span style=\"font-weight: 300;\">GDPR Manager Telephone Extension: #651<\/span><span style=\"font-weight: 400;\">\u00a0<\/span><\/p><p><span style=\"font-weight: 400;\">\u00a0<\/span><\/p><p><span style=\"font-weight: 400;\">Purposes\u00a0<\/span><\/p><p><span style=\"font-weight: 300;\">In compliance with the provisions of the European Regulation 2016\/679 General Data Protection Regulation and the Organic Law 3\/2018 on the Protection of Personal Data and Guarantee of Digital Rights, we inform you that, depending on the relationship you have with us, <\/span><span style=\"font-weight: 400;\">EQUIPSON S.A<\/span><span style=\"font-weight: 300;\">. processes the data you provide us with for any or all the following purposes:<\/span><\/p><ul><li style=\"font-weight: 300;\" aria-level=\"1\"><span style=\"font-weight: 300;\">Sending of commercial information of the entity by post, e-mail, or other means<\/span><\/li><li style=\"font-weight: 300;\" aria-level=\"1\"><span style=\"font-weight: 300;\">Accounting, administrative, Billings and collection management.\u00a0<\/span><\/li><\/ul><div>\u00a0<\/div><div>\u00a0<\/div><p><span style=\"font-weight: 400;\">Data retention period\u00a0<\/span><\/p><p>Your data will be kept for an indefinite period, commercial or otherwise with our entity, request its deletion, likewise the data will be stored for the time necessary to comply with legal obligations.\u00a0<\/p><p><span style=\"font-weight: 300;\">\u00a0<\/span><\/p><p><span style=\"font-weight: 400;\">Legitimation\u00a0<\/span><\/p><p><span style=\"font-weight: 300;\">The legal basis for the processing of your data lies in:<\/span><\/p><ul><li style=\"font-weight: 400;\" aria-level=\"1\"><span style=\"font-weight: 300;\">Unambiguous consent\u00a0<\/span><\/li><\/ul><div><br \/><br \/><\/div><p><span style=\"font-weight: 400;\">Recipients<\/span><\/p><p><span style=\"font-weight: 300;\">Your personal data will be communicated to third parties in the following cases:<\/span><\/p><ul><li style=\"font-weight: 300;\" aria-level=\"1\"><span style=\"font-weight: 300;\">Consultancy\/Audit Entities<\/span><\/li><li style=\"font-weight: 300;\" aria-level=\"1\"><span style=\"font-weight: 300;\">Software and hardware maintenance companies.<br \/><\/span>\u00a0<\/li><\/ul><div>\u00a0<\/div><p><span style=\"font-weight: 400;\">Rights<\/span><\/p><p><span style=\"font-weight: 300;\">You have the right to obtain confirmation as to whether <\/span><span style=\"font-weight: 400;\">EQUIPSON S.A.<\/span><span style=\"font-weight: 300;\"> is processing personal data concerning you.<\/span><\/p><p><span style=\"font-weight: 300;\">You also have the right to access your personal data, as well as to request the rectification of inaccurate data or, where appropriate, request their deletion when, among other reasons, the data are no longer necessary for the purposes for which they were collected.<\/span><\/p><p><span style=\"font-weight: 300;\">Additionally, in certain circumstances and for reasons related to your situation, you may exercise your right to object to the processing of your data. <\/span><span style=\"font-weight: 400;\">EQUIPSON S.A.<\/span><span style=\"font-weight: 300;\"> will stop processing the data, except for compelling legitimate reasons, or the exercise or defence of possible claims.<\/span><\/p><p><span style=\"font-weight: 300;\">Likewise, you may exercise the right to data portability, as well as withdraw the consents provided at any time, without affecting the lawfulness of the processing based on the consent prior to its withdrawal.<\/span><\/p><p><span style=\"font-weight: 300;\">If you wish to exercise any of your rights, you can do so through in this\u00a0 <\/span><a href=\"https:\/\/intranet.laboralrgpd.com\/webApp\/clientes_derechos\/derechos-formulario.php?id_cliente=ak5PWU9PY2RmMmlNcXYydVZXSUNOUT09\" target=\"_blank\" rel=\"noopener\"><span style=\"font-weight: 300;\">Link<\/span><\/a><span style=\"font-weight: 300;\">.\u00a0<\/span><\/p><p><span style=\"font-weight: 300;\">Another way, you can also contact us by post at the following address: AV EL SALER, 14 POL. IND. ALTERO &#8211; (46460) SILLA enclosing a photocopy of your ID card, to ensure your identity. Remember to provide as much information as possible about your request: Name and surname, email address you use for the account or portal that is the subject of your request.\u00a0\u00a0<\/span><\/p><p><span style=\"font-weight: 300;\">\u00a0<\/span><\/p><p><span style=\"font-weight: 400;\">Cookies policy\u00a0<\/span><\/p><p><span style=\"font-weight: 300;\">To find out about the cookies we use on our website, please remember that you can access our Cookies Policy by clicking on the following link <\/span><span style=\"font-weight: 300;\">cookies policy<\/span><span style=\"font-weight: 300;\">. <\/span><\/p>\t\t\t\t\t\t<\/div>\n\t\t\t\t<\/div>\n\t\t\t\t\t<\/div>\n\t\t<\/div>\n\t\t\t\t\t\t\t<\/div>\n\t\t<\/section>\n\t\t\t\t\t<\/div>\n\t\t<\/div>\n\t\t\t\t\t\t\t<\/div>\n\t\t<\/section>\n\t\t\t\t<section class=\"elementor-section elementor-top-section elementor-element elementor-element-98e532c elementor-hidden-desktop elementor-hidden-tablet elementor-hidden-mobile elementor-section-boxed elementor-section-height-default elementor-section-height-default\" data-id=\"98e532c\" data-element_type=\"section\" data-settings=\"{&quot;jet_parallax_layout_list&quot;:[{&quot;_id&quot;:&quot;5aba9f&quot;,&quot;jet_parallax_layout_image&quot;:{&quot;url&quot;:&quot;&quot;,&quot;id&quot;:&quot;&quot;},&quot;jet_parallax_layout_image_tablet&quot;:{&quot;url&quot;:&quot;&quot;,&quot;id&quot;:&quot;&quot;},&quot;jet_parallax_layout_image_mobile&quot;:{&quot;url&quot;:&quot;&quot;,&quot;id&quot;:&quot;&quot;},&quot;jet_parallax_layout_speed&quot;:{&quot;unit&quot;:&quot;%&quot;,&quot;size&quot;:50,&quot;sizes&quot;:[]},&quot;jet_parallax_layout_type&quot;:&quot;scroll&quot;,&quot;jet_parallax_layout_direction&quot;:null,&quot;jet_parallax_layout_fx_direction&quot;:null,&quot;jet_parallax_layout_z_index&quot;:&quot;&quot;,&quot;jet_parallax_layout_bg_x&quot;:50,&quot;jet_parallax_layout_bg_x_tablet&quot;:&quot;&quot;,&quot;jet_parallax_layout_bg_x_mobile&quot;:&quot;&quot;,&quot;jet_parallax_layout_bg_y&quot;:50,&quot;jet_parallax_layout_bg_y_tablet&quot;:&quot;&quot;,&quot;jet_parallax_layout_bg_y_mobile&quot;:&quot;&quot;,&quot;jet_parallax_layout_bg_size&quot;:&quot;auto&quot;,&quot;jet_parallax_layout_bg_size_tablet&quot;:&quot;&quot;,&quot;jet_parallax_layout_bg_size_mobile&quot;:&quot;&quot;,&quot;jet_parallax_layout_animation_prop&quot;:&quot;transform&quot;,&quot;jet_parallax_layout_on&quot;:[&quot;desktop&quot;,&quot;tablet&quot;]}]}\">\n\t\t\t\t\t\t<div class=\"elementor-container elementor-column-gap-extended\">\n\t\t\t\t\t<div class=\"elementor-column elementor-col-100 elementor-top-column elementor-element elementor-element-e5345be\" data-id=\"e5345be\" data-element_type=\"column\">\n\t\t\t<div class=\"elementor-widget-wrap elementor-element-populated\">\n\t\t\t\t\t\t\t\t<section class=\"elementor-section elementor-inner-section elementor-element elementor-element-4190be7 elementor-section-boxed elementor-section-height-default elementor-section-height-default\" data-id=\"4190be7\" data-element_type=\"section\" data-settings=\"{&quot;jet_parallax_layout_list&quot;:[]}\">\n\t\t\t\t\t\t<div class=\"elementor-container elementor-column-gap-default\">\n\t\t\t\t\t<div class=\"jet-sticky-column elementor-column elementor-col-50 elementor-inner-column elementor-element elementor-element-99b5887\" data-jet-settings=\"{&quot;id&quot;:&quot;99b5887&quot;,&quot;sticky&quot;:true,&quot;topSpacing&quot;:180,&quot;bottomSpacing&quot;:150,&quot;stickyOn&quot;:[&quot;desktop&quot;,&quot;tablet&quot;]}\" data-id=\"99b5887\" data-element_type=\"column\">\n\t\t\t<div class=\"elementor-widget-wrap elementor-element-populated\">\n\t\t\t\t\t\t\t\t<div class=\"elementor-element elementor-element-9844b08 elementor-widget elementor-widget-heading\" data-id=\"9844b08\" data-element_type=\"widget\" data-widget_type=\"heading.default\">\n\t\t\t\t<div class=\"elementor-widget-container\">\n\t\t\t<h4 class=\"elementor-heading-title elementor-size-default\">Protecci\u00f3n de Datos<\/h4>\t\t<\/div>\n\t\t\t\t<\/div>\n\t\t\t\t<div class=\"elementor-element elementor-element-1f66723 elementor-widget-divider--view-line elementor-invisible elementor-widget elementor-widget-divider\" data-id=\"1f66723\" data-element_type=\"widget\" data-settings=\"{&quot;_animation&quot;:&quot;fadeInLeft&quot;,&quot;_animation_delay&quot;:400}\" data-widget_type=\"divider.default\">\n\t\t\t\t<div class=\"elementor-widget-container\">\n\t\t\t\t\t<div class=\"elementor-divider\">\n\t\t\t<span class=\"elementor-divider-separator\">\n\t\t\t\t\t\t<\/span>\n\t\t<\/div>\n\t\t\t\t<\/div>\n\t\t\t\t<\/div>\n\t\t\t\t\t<\/div>\n\t\t<\/div>\n\t\t\t\t<div class=\"elementor-column elementor-col-50 elementor-inner-column elementor-element elementor-element-0833651\" data-id=\"0833651\" data-element_type=\"column\">\n\t\t\t<div class=\"elementor-widget-wrap elementor-element-populated\">\n\t\t\t\t\t\t\t\t<div class=\"elementor-element elementor-element-64823ce elementor-widget elementor-widget-text-editor\" data-id=\"64823ce\" data-element_type=\"widget\" data-widget_type=\"text-editor.default\">\n\t\t\t\t<div class=\"elementor-widget-container\">\n\t\t\t\t\t\t\t<p><span style=\"font-weight: 400;\">Datos relativos al Responsable del sitio <\/span><a href=\"https:\/\/lightshark.es\/es\/\"><span style=\"font-weight: 400;\">www.lightshark.es<\/span><\/a><\/p><p><span style=\"font-weight: 300;\">Responsable Tratamiento<\/span><\/p><p><span style=\"font-weight: 300;\">Entidad: EQUIPSON Sociedad An\u00f3nima<\/span><\/p><p><span style=\"font-weight: 300;\">CIF: A96354154<\/span><\/p><p><span style=\"font-weight: 300;\">Direcci\u00f3n: Av. El Saler, 14 Pol. Ind. Altero &#8211; (46460) Silla<\/span><\/p><p><span style=\"font-weight: 300;\">Responsable Del Tratamiento: Remedios Martinez Mesado<\/span><\/p><p><span style=\"font-weight: 300;\">Tel\u00e9fono Del Responsable Del Tratamiento: 961216301<\/span><\/p><p><span style=\"font-weight: 300;\">DPD: Javier Penichet Angles<\/span><\/p><p><span style=\"font-weight: 300;\">Extensi\u00f3n de Tel\u00e9fono Del DPD: #651<\/span><\/p><p><span style=\"font-weight: 400;\">Finalidades<\/span><\/p><p><span style=\"font-weight: 300;\">En cumplimiento de lo dispuesto en el <\/span><i><span style=\"font-weight: 300;\">Reglamento Europeo 2016\/679 General de Protecci\u00f3n de Datos y la Ley Org\u00e1nica 3\/2018 de Protecci\u00f3n de Datos Personales y Garant\u00eda de Derechos Digitales<\/span><\/i><span style=\"font-weight: 300;\">, le informamos de que, dependiendo de la relaci\u00f3n que tenga con nosotros, en <\/span><span style=\"font-weight: 400;\">EQUIPSON S.A<\/span><span style=\"font-weight: 300;\">. tratamos los datos que nos facilita para alguna, o todas, las siguientes finalidades:<\/span><\/p><ul><li style=\"font-weight: 300;\" aria-level=\"1\"><span style=\"font-weight: 300;\">Env\u00edo de informaci\u00f3n comercial de la entidad mediante correo postal, correo electr\u00f3nico u otros<\/span><\/li><li style=\"font-weight: 300;\" aria-level=\"1\"><span style=\"font-weight: 300;\">Gesti\u00f3n contable, administrativa, de facturaci\u00f3n y gesti\u00f3n de cobros.<\/span><\/li><\/ul><p><span style=\"font-weight: 400;\">Plazo de conservaci\u00f3n de los datos<\/span><\/p><p><span style=\"font-weight: 300;\">Sus datos ser\u00e1n conservados en un tiempo indefinido, comercial o de otro tipo con nuestra entidad, solicite su supresi\u00f3n, as\u00ed mismo los datos ser\u00e1n almacenados el tiempo necesario para cumplir las obligaciones legales.<\/span><\/p><p><span style=\"font-weight: 400;\">Legitimaci\u00f3n<\/span><\/p><p><span style=\"font-weight: 300;\">La base legal para el tratamiento de tus datos radica por:<\/span><\/p><ul><li style=\"font-weight: 300;\" aria-level=\"1\"><span style=\"font-weight: 300;\">Consentimiento inequ\u00edvoco<\/span><\/li><\/ul><p><span style=\"font-weight: 400;\">Destinatarios<\/span><\/p><p><span style=\"font-weight: 300;\">Sus datos personales ser\u00e1n comunicados a terceros en los siguientes supuestos:<\/span><\/p><ul><li style=\"font-weight: 300;\" aria-level=\"1\"><span style=\"font-weight: 300;\">Entidades de Consultor\u00eda\/Auditor\u00eda<\/span><\/li><li style=\"font-weight: 300;\" aria-level=\"1\"><span style=\"font-weight: 300;\">Entidades inform\u00e1ticas de mantenimiento de software y hardware<\/span><\/li><\/ul><p><span style=\"font-weight: 400;\">Derechos<\/span><\/p><p><span style=\"font-weight: 300;\">Tiene derecho a obtener confirmaci\u00f3n sobre si en <\/span><span style=\"font-weight: 400;\">EQUIPSON S.A<\/span><span style=\"font-weight: 300;\">. estamos tratando datos personales que le conciernan, o no.<\/span><\/p><p><span style=\"font-weight: 300;\">Asimismo, tiene derecho de acceso a sus datos personales, as\u00ed como a solicitar la rectificaci\u00f3n de los datos inexactos o, en su caso, solicitar su supresi\u00f3n cuando, entre otros motivos, los datos ya no sean necesarios para los fines que fueron recogidos.<\/span><\/p><p><span style=\"font-weight: 300;\">En determinadas circunstancias, podr\u00e1 solicitar la limitaci\u00f3n del tratamiento de sus datos, en cuyo caso \u00fanicamente los conservaremos para el ejercicio o la defensa de reclamaciones.<\/span><\/p><p><span style=\"font-weight: 300;\">Adicionalmente, en determinadas circunstancias y por motivos relacionados con tu situaci\u00f3n particular, podr\u00e1 ejercer el derecho de oposici\u00f3n al tratamiento de sus datos. <\/span><span style=\"font-weight: 400;\">EQUIPSON S.A.<\/span><span style=\"font-weight: 300;\"> dejar\u00e1 de tratar los datos, salvo por motivos leg\u00edtimos imperiosos, o el ejercicio o la defensa de posibles reclamaciones.<\/span><\/p><p><span style=\"font-weight: 300;\">Asimismo, puede ejercer el derecho a la <\/span><i><span style=\"font-weight: 300;\">portabilidad<\/span><\/i><span style=\"font-weight: 300;\"> de los datos, as\u00ed como retirar los consentimientos facilitados en cualquier momento, sin que ello afecte a la licitud del tratamiento basado en el consentimiento previo a su retirada.<\/span><\/p><p><span style=\"font-weight: 300;\">Si desea hacer uso de cualquiera de tus derechos puede realizarlos a trav\u00e9s del este <\/span><a href=\"https:\/\/intranet.laboralrgpd.com\/webApp\/clientes_derechos\/derechos-formulario.php?id_cliente=ak5PWU9PY2RmMmlNcXYydVZXSUNOUT09\" target=\"_blank\" rel=\"noopener\"><span style=\"font-weight: 300;\">enlace<\/span><\/a><span style=\"font-weight: 300;\">.\u00a0<\/span><\/p><p><span style=\"font-weight: 300;\">Alternativamente, tambi\u00e9n puede dirigirse a nosotros mediante correo postal a la siguiente direcci\u00f3n: AV EL SALER, 14 POL. IND. ALTERO &#8211; (46460) SILLA adjuntado una fotocopia del DNI, para la certeza de su identidad.\u00a0<\/span><\/p><p><span style=\"font-weight: 300;\">Por \u00faltimo, le informamos que puede dirigirse ante la Agencia Espa\u00f1ola de Protecci\u00f3n de Datos y dem\u00e1s organismos p\u00fablicos competentes para cualquier reclamaci\u00f3n derivada del tratamiento de tus datos personales.<\/span><\/p>\t\t\t\t\t\t<\/div>\n\t\t\t\t<\/div>\n\t\t\t\t\t<\/div>\n\t\t<\/div>\n\t\t\t\t\t\t\t<\/div>\n\t\t<\/section>\n\t\t\t\t\t<\/div>\n\t\t<\/div>\n\t\t\t\t\t\t\t<\/div>\n\t\t<\/section>\n\t\t\t\t\t\t\t<\/div>","protected":false},"excerpt":{"rendered":"<p>Data Protection Data Controller website www.lightshark.es Entity: EQUIPSON SA Company Tax ID Number: A96354154 Address Of the Entity: Av El Saler, 14 Pol. Ind. Altero &#8211; (46460) Silla Responsible for the Treatment: Remedios Martinez Mesado Treatment Manager Telephone: +34 961216301 GDPR Manager: Javier Penichet Angles GDPR Manager Telephone Extension: #651&nbsp; Purposes&nbsp; In compliance with the [&hellip;]<\/p>","protected":false},"author":1,"featured_media":0,"parent":0,"menu_order":0,"comment_status":"closed","ping_status":"closed","template":"","meta":{"footnotes":""},"class_list":["post-1175","page","type-page","status-publish","hentry"],"_links":{"self":[{"href":"https:\/\/lightshark.es\/es\/wp-json\/wp\/v2\/pages\/1175","targetHints":{"allow":["GET"]}}],"collection":[{"href":"https:\/\/lightshark.es\/es\/wp-json\/wp\/v2\/pages"}],"about":[{"href":"https:\/\/lightshark.es\/es\/wp-json\/wp\/v2\/types\/page"}],"author":[{"embeddable":true,"href":"https:\/\/lightshark.es\/es\/wp-json\/wp\/v2\/users\/1"}],"replies":[{"embeddable":true,"href":"https:\/\/lightshark.es\/es\/wp-json\/wp\/v2\/comments?post=1175"}],"version-history":[{"count":8,"href":"https:\/\/lightshark.es\/es\/wp-json\/wp\/v2\/pages\/1175\/revisions"}],"predecessor-version":[{"id":3808,"href":"https:\/\/lightshark.es\/es\/wp-json\/wp\/v2\/pages\/1175\/revisions\/3808"}],"wp:attachment":[{"href":"https:\/\/lightshark.es\/es\/wp-json\/wp\/v2\/media?parent=1175"}],"curies":[{"name":"wp","href":"https:\/\/api.w.org\/{rel}","templated":true}]}}